{"id":706,"date":"2025-10-23T21:24:36","date_gmt":"2025-10-24T00:24:36","guid":{"rendered":"https:\/\/www.pdma.cl\/healthlink\/?page_id=706"},"modified":"2025-10-24T08:02:15","modified_gmt":"2025-10-24T11:02:15","slug":"carro","status":"publish","type":"page","link":"https:\/\/www.pdma.cl\/healthlink\/carro\/","title":{"rendered":"Carro"},"content":{"rendered":"\t\t<div data-elementor-type=\"wp-page\" data-elementor-id=\"706\" class=\"elementor elementor-706\" data-elementor-post-type=\"page\">\n\t\t\t\t<div class=\"elementor-element elementor-element-337b7de e-flex e-con-boxed e-con e-parent\" data-id=\"337b7de\" data-element_type=\"container\" data-e-type=\"container\">\n\t\t\t\t\t<div class=\"e-con-inner\">\n\t\t<div class=\"elementor-element elementor-element-9ab4838 e-con-full e-flex e-con e-child\" data-id=\"9ab4838\" data-element_type=\"container\" data-e-type=\"container\">\n\t\t\t\t<div class=\"elementor-element elementor-element-5091298 elementor-widget elementor-widget-heading\" data-id=\"5091298\" data-element_type=\"widget\" data-e-type=\"widget\" data-widget_type=\"heading.default\">\n\t\t\t\t\t<h2 class=\"elementor-heading-title elementor-size-default\">Revisa tu pedido<\/h2>\t\t\t\t<\/div>\n\t\t\t\t<\/div>\n\t\t\t\t\t<\/div>\n\t\t\t\t<\/div>\n\t\t<div class=\"elementor-element elementor-element-ad241b2 e-flex e-con-boxed e-con e-parent\" data-id=\"ad241b2\" data-element_type=\"container\" data-e-type=\"container\">\n\t\t\t\t\t<div class=\"e-con-inner\">\n\t\t<div class=\"elementor-element elementor-element-2543176 e-con-full e-flex e-con e-child\" data-id=\"2543176\" data-element_type=\"container\" data-e-type=\"container\">\n\t\t\t\t<div class=\"elementor-element elementor-element-9cf8949 elementor-widget elementor-widget-spacer\" data-id=\"9cf8949\" data-element_type=\"widget\" data-e-type=\"widget\" data-widget_type=\"spacer.default\">\n\t\t\t\t\t\t\t<div class=\"elementor-spacer\">\n\t\t\t<div class=\"elementor-spacer-inner\"><\/div>\n\t\t<\/div>\n\t\t\t\t\t\t<\/div>\n\t\t\t\t<\/div>\n\t\t\t\t\t<\/div>\n\t\t\t\t<\/div>\n\t\t\t\t<\/div>\n\t\t","protected":false},"excerpt":{"rendered":"<p>Revisa tu pedido Eliminar art\u00edculo Imagen en miniatura Producto Precio Cantidad Subtotal &times; Plan Inicio: Tu Primera Transformaci\u00f3n &#36;&nbsp;95.000 Plan Inicio: Tu Primera Transformaci\u00f3n cantidad &#36;&nbsp;190.000 Actualizar el carrito Totales del carrito Subtotal &#36;&nbsp;190.000 Total &#36;&nbsp;190.000 Proceder al pago<\/p>\n","protected":false},"author":1,"featured_media":0,"parent":0,"menu_order":0,"comment_status":"closed","ping_status":"closed","template":"elementor_header_footer","meta":{"_acf_changed":false,"_joinchat":[],"footnotes":""},"class_list":["post-706","page","type-page","status-publish","hentry"],"acf":[],"jetpack_sharing_enabled":true,"_links":{"self":[{"href":"https:\/\/www.pdma.cl\/healthlink\/wp-json\/wp\/v2\/pages\/706","targetHints":{"allow":["GET"]}}],"collection":[{"href":"https:\/\/www.pdma.cl\/healthlink\/wp-json\/wp\/v2\/pages"}],"about":[{"href":"https:\/\/www.pdma.cl\/healthlink\/wp-json\/wp\/v2\/types\/page"}],"author":[{"embeddable":true,"href":"https:\/\/www.pdma.cl\/healthlink\/wp-json\/wp\/v2\/users\/1"}],"replies":[{"embeddable":true,"href":"https:\/\/www.pdma.cl\/healthlink\/wp-json\/wp\/v2\/comments?post=706"}],"version-history":[{"count":10,"href":"https:\/\/www.pdma.cl\/healthlink\/wp-json\/wp\/v2\/pages\/706\/revisions"}],"predecessor-version":[{"id":721,"href":"https:\/\/www.pdma.cl\/healthlink\/wp-json\/wp\/v2\/pages\/706\/revisions\/721"}],"wp:attachment":[{"href":"https:\/\/www.pdma.cl\/healthlink\/wp-json\/wp\/v2\/media?parent=706"}],"curies":[{"name":"wp","href":"https:\/\/api.w.org\/{rel}","templated":true}]}}